{"id":35,"date":"2024-02-13T21:29:26","date_gmt":"2024-02-13T20:29:26","guid":{"rendered":"https:\/\/ane-normand.fr\/?page_id=35"},"modified":"2025-12-06T15:57:34","modified_gmt":"2025-12-06T14:57:34","slug":"lassociation","status":"publish","type":"page","link":"https:\/\/ane-normand.fr\/?page_id=35","title":{"rendered":"L&rsquo;Association"},"content":{"rendered":"\n<p><strong>Le conseil d&rsquo;administration<\/strong><\/p>\n\n\n\n<p><strong>Pr\u00e9sidente&nbsp;: <\/strong>Sylvie CHEYREZY, Ferme de la Vall\u00e9e 5O81O BERIGNY&nbsp; t\u00e9l: O2 33 05 46 62<\/p>\n\n\n\n<p><strong>1er Vice-pr\u00e9sident&nbsp;: <\/strong>Robert HIND la Thibaudi\u00e8re \u2013 6147O HEUGON. T\u00e9l. O2 33 36 68 99<\/p>\n\n\n\n<p><strong>2\u00e8me Vice-pr\u00e9sident&nbsp;: <\/strong>Aline QUERTIER la Frogerie \u2013 6112O SAINT HONORINE LA GUILLAUME \u2013 T\u00e9l. 06 23 26 36 33<\/p>\n\n\n\n<p><strong>Secr\u00e9taire&nbsp;: <\/strong>Eliane RABASSE,  104 route de S\u00e9noville  LE VRETOT 50260 BRICQUEBEC EN COTENTIN- Tel. 02 33 52 17 81<\/p>\n\n\n\n<p><strong>Secr\u00e9taire-Adjoint : <\/strong>Alain CHEYREZY ferme de la vall\u00e9e &#8211; 50810 BERIGNY &#8211; Tel. 02 33 05 46 62<\/p>\n\n\n\n<p><strong>Tr\u00e9sorier&nbsp;: <\/strong>Christian JULIENNE, 123 Grande rue &#8211; 27520 BOURGTHEROULDE t\u00e9l&nbsp;: 06 82 61 48 64<\/p>\n\n\n\n<p><strong>Tr\u00e9sorier-Adjoint&nbsp;: <\/strong>S\u00e9bastien PAUMELLE, le Bourg 7685O MONTREUIL EN CAUX T\u00e9l. O2 35 32 44 69<\/p>\n\n\n\n<p><strong>Membres :<\/strong><\/p>\n\n\n\n<p>Martine MENIGER, Le Moncel 50400 SAINT PLANCHERS t\u00e9l&nbsp;: 02 33 50 18 84<\/p>\n\n\n\n<p>Dominique BIHEL : 18 rue dessous le Bourg 50270 BARNEVILLE-CARTERET &#8211; Tel. 02 33 52 24 90<\/p>\n\n\n\n<p>Jean CHEVRET Haras National du Pin &nbsp;<\/p>\n\n\n\n<p>Cl\u00e9mence FOSSE: 14230 ISIGNY SUR MER<\/p>\n\n\n\n<p>Alain BIHEL : 18 rue dessous le Bourg 50270 BARNEVILLE-CARTERET &#8211; Tel. 02 33 52 24 90<\/p>\n\n\n\n<p>Marie Madeleine MATTEODO, 123 Grande rue &#8211; 27520 BOURGTHEROULDE t\u00e9l&nbsp;: 06 82 61 48 64<\/p>\n\n\n\n<p>Jo\u00ebl LEFEVRE, 1371 route du Carrefour Paris 50860 MOYON VILLAGES T\u00e9l: 02 33 55 31 07<\/p>\n\n\n\n<p>Christian RABASSE 104 route de S\u00e9noville  LE VRETOT 50260 BRICQUEBEC EN COTENTIN &#8211; Tel. 02 33 52 17 81<\/p>\n\n\n\n<p>Bruno GUIARD Saint Crespin &#8211; 14270 LE MESNIL MAUGER &#8211; Tel. 02 31 63 09 02<\/p>\n\n\n\n<p>Emmanuel BOUDEHEN 32 rue Briquemare &#8211; 76930 CAUVILLE-SUR-MER &#8211; T\u00e9l. 06 79 13 96 21<\/p>\n\n\n\n<p>Kilian QUERTIER&nbsp;la Frogerie \u2013 6112O SAINT HONORINE LA GUILLAUME \u2013 T\u00e9l. 06 23 26 36 33<br><br><strong>D\u00e9l\u00e9gu\u00e9s d\u00e9partementaux :<\/strong><br><br><strong>Calvados :<\/strong><\/p>\n\n\n\n<p>Bruno GUIARD Saint Crespin &#8211; 14270 LE MESNIL MAUGER &#8211; Tel. 02 31 63 09 02<\/p>\n\n\n\n<p><strong>Eure :<\/strong><\/p>\n\n\n\n<p>Christian JULIENNE, 123 Grande rue &#8211; 27520 BOURGTHEROULDE t\u00e9l&nbsp;: 06 82 61 48 64<\/p>\n\n\n\n<p><strong>Manche :<\/strong><\/p>\n\n\n\n<p>Christian RABASSE  104 route de S\u00e9noville  LE VRETOT 50260 BRICQUEBEC EN COTENTIN &#8211; Tel. 02 33 52 17 81<\/p>\n\n\n\n<p><strong>Orne :<\/strong><\/p>\n\n\n\n<p>Robert HIND la Thibaudi\u00e8re \u2013 6147O HEUGON. T\u00e9l. O2 33 36 68 99<\/p>\n\n\n\n<p>Aline QUERTIER la Frogerie \u2013 6112O SAINT HONORINE LA GUILLAUME \u2013 T\u00e9l. 06 23 26 36 33<\/p>\n\n\n\n<p><strong>Sarthe\/Mayenne :<\/strong><\/p>\n\n\n\n<p>Michel COURTEMANCHE la rue Creuse, 7229O MEZIERES-S-PONTHON \u2013 T\u00e9l. O2 43 34 56 16<\/p>\n\n\n\n<p><strong>Seine maritime :<\/strong><\/p>\n\n\n\n<p>Emmanuel BOUDEHEN 32 rue Briquemare &#8211; 76930 CAUVILLE-SUR-MER &#8211; T\u00e9l. 06 79 13 96 21<\/p>\n\n\n\n<p><strong>La commission du livre g\u00e9n\u00e9alogique<\/strong><\/p>\n\n\n\n<p><strong>Pr\u00e9sidente&nbsp;:&nbsp;<\/strong>Sylvie CHEYREZY, Ferme de la Vall\u00e9e 5O81O BERIGNY&nbsp; T\u00e9l: O2 33 05 46 62<\/p>\n\n\n\n<p><strong>Membres:&nbsp;&nbsp;<\/strong>Jo\u00ebl LEFEVRE, 5 la nivaudi\u00e8re 50860 MOYON VILLAGES T\u00e9l: 02 33 55 31 07<\/p>\n\n\n\n<p>Robert HIND, la Thibaudi\u00e8re \u2013 6147O HEUGON. T\u00e9l. O2 33 36 68 99<\/p>\n\n\n\n<p>Hubert LENEVEU, Chemin de la garenne 14130 COCQUAINVILLIERS T\u00e9l: 02 31 61 10 43<\/p>\n\n\n\n<p>Andr\u00e9 Pierre DESJARDINS, Hameau de RONFREBOSC 76640 AUZOUVILLE AUBERBOSC T\u00e9l: 02 35 96 61 99&nbsp;<\/p>\n\n\n\n<p>Aline QUERTIER la Frogerie \u2013 6112O SAINT HONORINE LA GUILLAUME \u2013 T\u00e9l. 06 23 26 36 33<\/p>\n","protected":false},"excerpt":{"rendered":"<p>Le conseil d&rsquo;administration Pr\u00e9sidente&nbsp;: Sylvie CHEYREZY, Ferme de la Vall\u00e9e 5O81O BERIGNY&nbsp; t\u00e9l: O2 33 05 46 62 1er Vice-pr\u00e9sident&nbsp;: Robert HIND la Thibaudi\u00e8re \u2013 6147O HEUGON. T\u00e9l. O2 33 36 68 99 2\u00e8me Vice-pr\u00e9sident&nbsp;: Aline QUERTIER la Frogerie \u2013 6112O SAINT HONORINE LA GUILLAUME \u2013 T\u00e9l. 06 23 26 36 33 Secr\u00e9taire&nbsp;: Eliane RABASSE, &hellip; <\/p>\n<p class=\"link-more\"><a href=\"https:\/\/ane-normand.fr\/?page_id=35\" class=\"more-link\">Continuer la lecture<span class=\"screen-reader-text\"> de &laquo;&nbsp;L&rsquo;Association&nbsp;&raquo;<\/span><\/a><\/p>\n","protected":false},"author":1,"featured_media":0,"parent":0,"menu_order":0,"comment_status":"closed","ping_status":"closed","template":"","meta":{"footnotes":""},"class_list":["post-35","page","type-page","status-publish","hentry"],"_links":{"self":[{"href":"https:\/\/ane-normand.fr\/index.php?rest_route=\/wp\/v2\/pages\/35","targetHints":{"allow":["GET"]}}],"collection":[{"href":"https:\/\/ane-normand.fr\/index.php?rest_route=\/wp\/v2\/pages"}],"about":[{"href":"https:\/\/ane-normand.fr\/index.php?rest_route=\/wp\/v2\/types\/page"}],"author":[{"embeddable":true,"href":"https:\/\/ane-normand.fr\/index.php?rest_route=\/wp\/v2\/users\/1"}],"replies":[{"embeddable":true,"href":"https:\/\/ane-normand.fr\/index.php?rest_route=%2Fwp%2Fv2%2Fcomments&post=35"}],"version-history":[{"count":5,"href":"https:\/\/ane-normand.fr\/index.php?rest_route=\/wp\/v2\/pages\/35\/revisions"}],"predecessor-version":[{"id":187,"href":"https:\/\/ane-normand.fr\/index.php?rest_route=\/wp\/v2\/pages\/35\/revisions\/187"}],"wp:attachment":[{"href":"https:\/\/ane-normand.fr\/index.php?rest_route=%2Fwp%2Fv2%2Fmedia&parent=35"}],"curies":[{"name":"wp","href":"https:\/\/api.w.org\/{rel}","templated":true}]}}