{"id":64,"date":"2024-02-13T22:38:22","date_gmt":"2024-02-13T21:38:22","guid":{"rendered":"https:\/\/ane-normand.fr\/?page_id=64"},"modified":"2024-02-13T23:03:21","modified_gmt":"2024-02-13T22:03:21","slug":"le-standard","status":"publish","type":"page","link":"https:\/\/ane-normand.fr\/?page_id=64","title":{"rendered":"Le standard"},"content":{"rendered":"\n<p><\/p>\n\n\n\n<p><strong>STANDARD DE L\u2019\u00c2NE NORMAND<\/strong><\/p>\n\n\n\n<p><\/p>\n\n\n<div class=\"wp-block-image\">\n<figure class=\"aligncenter size-full\"><img loading=\"lazy\" decoding=\"async\" width=\"500\" height=\"365\" src=\"https:\/\/ane-normand.fr\/wp-content\/uploads\/2024\/02\/image-standard-1.jpg\" alt=\"\" class=\"wp-image-76\" srcset=\"https:\/\/ane-normand.fr\/wp-content\/uploads\/2024\/02\/image-standard-1.jpg 500w, https:\/\/ane-normand.fr\/wp-content\/uploads\/2024\/02\/image-standard-1-300x219.jpg 300w\" sizes=\"auto, (max-width: 500px) 100vw, 500px\" \/><\/figure>\n<\/div>\n\n\n<p>Taille\u00a0: 1,10m \u00e0 1,25m \u00e0 3 ans (m\u00e2le et femelle)<br>Robe\u00a0: Bai dans toutes ses nuances, \u00ab\u00a0chocolat\u00a0\u00bb ou noir pangar\u00e9 avec bande cruciale \u00a0bien visible raie de mulet et bande scapulaire avec ou sans z\u00e9brures sur les membres, toute autre robe \u00e9tant exclue.<br>Queue\u00a0: Identique \u00e0 la robe<br>Ventre\u00a0: Gris blanc, incluant l\u2019ars, l\u2019aine et l\u2019int\u00e9rieur des cuisses.<br>T\u00eate\u00a0: Rectiligne, bien attach\u00e9e sur l\u2019encolure, de la couleur de la robe jusqu\u2019\u00e0 mi-chanfrein, de couleur gris blanc dessous (nez de biche)<br>Oreilles\u00a0: Il est souhaitable que l\u2019int\u00e9rieur des oreilles soit plus clair que la robe avec un port vertical<br>\u0152il\u00a0: Grand, portant lunettes gris blanc, parfois cern\u00e9 de roux, arcades l\u00e9g\u00e8res et regard vif<br>Encolure\u00a0: Forte, de longueur moyenne, \u00e9quilibr\u00e9e avec l\u2019arri\u00e8re main et greff\u00e9e \u00e0 la hauteur de la ligne m\u00e9diane du corps<br>Poitrail\u00a0: Ouvert<br>Dos\u00a0: Tendu et muscl\u00e9\u00a0<br>Rein\u00a0: Large, muscl\u00e9<\/p>\n\n\n\n<p>Arri\u00e8re Main&nbsp;: ronde et \u00e9paisse<br>Membres&nbsp;: Solides, aux articulations fortes et nettes avec des canons courts. Sabots larges. Remarque&nbsp;: Les \u00e2nes pr\u00e9sentant le nez, le tour de l\u2019\u0153il ainsi que le ventre de la m\u00eame couleur que la robe ne sont pas admis.<\/p>\n\n\n\n<p> <\/p>\n","protected":false},"excerpt":{"rendered":"<p>STANDARD DE L\u2019\u00c2NE NORMAND Taille\u00a0: 1,10m \u00e0 1,25m \u00e0 3 ans (m\u00e2le et femelle)Robe\u00a0: Bai dans toutes ses nuances, \u00ab\u00a0chocolat\u00a0\u00bb ou noir pangar\u00e9 avec bande cruciale \u00a0bien visible raie de mulet et bande scapulaire avec ou sans z\u00e9brures sur les membres, toute autre robe \u00e9tant exclue.Queue\u00a0: Identique \u00e0 la robeVentre\u00a0: Gris blanc, incluant l\u2019ars, l\u2019aine &hellip; <\/p>\n<p class=\"link-more\"><a href=\"https:\/\/ane-normand.fr\/?page_id=64\" class=\"more-link\">Continuer la lecture<span class=\"screen-reader-text\"> de &laquo;&nbsp;Le standard&nbsp;&raquo;<\/span><\/a><\/p>\n","protected":false},"author":1,"featured_media":0,"parent":0,"menu_order":0,"comment_status":"closed","ping_status":"closed","template":"","meta":{"footnotes":""},"class_list":["post-64","page","type-page","status-publish","hentry"],"_links":{"self":[{"href":"https:\/\/ane-normand.fr\/index.php?rest_route=\/wp\/v2\/pages\/64","targetHints":{"allow":["GET"]}}],"collection":[{"href":"https:\/\/ane-normand.fr\/index.php?rest_route=\/wp\/v2\/pages"}],"about":[{"href":"https:\/\/ane-normand.fr\/index.php?rest_route=\/wp\/v2\/types\/page"}],"author":[{"embeddable":true,"href":"https:\/\/ane-normand.fr\/index.php?rest_route=\/wp\/v2\/users\/1"}],"replies":[{"embeddable":true,"href":"https:\/\/ane-normand.fr\/index.php?rest_route=%2Fwp%2Fv2%2Fcomments&post=64"}],"version-history":[{"count":3,"href":"https:\/\/ane-normand.fr\/index.php?rest_route=\/wp\/v2\/pages\/64\/revisions"}],"predecessor-version":[{"id":77,"href":"https:\/\/ane-normand.fr\/index.php?rest_route=\/wp\/v2\/pages\/64\/revisions\/77"}],"wp:attachment":[{"href":"https:\/\/ane-normand.fr\/index.php?rest_route=%2Fwp%2Fv2%2Fmedia&parent=64"}],"curies":[{"name":"wp","href":"https:\/\/api.w.org\/{rel}","templated":true}]}}