{"id":98,"date":"2024-02-16T23:33:34","date_gmt":"2024-02-16T22:33:34","guid":{"rendered":"https:\/\/ane-normand.fr\/?page_id=98"},"modified":"2024-02-18T23:31:03","modified_gmt":"2024-02-18T22:31:03","slug":"mentions-legales","status":"publish","type":"page","link":"https:\/\/ane-normand.fr\/?page_id=98","title":{"rendered":"mentions l\u00e9gales"},"content":{"rendered":"\n<p><strong>Identit\u00e9 &#8211; Coordonn\u00e9es<\/strong><\/p>\n\n\n\n<p>Association Nationale de l\u2019\u00c2ne Normand<\/p>\n\n\n\n<p>Association loi 1901<\/p>\n\n\n\n<p>Haras national du Pin 61310 LE PIN AU HARAS<\/p>\n\n\n\n<p>C\/O&nbsp;: Sylvie CHEYREZY ferme de la vall\u00e9e 50810 BERIGNY<\/p>\n\n\n\n<p>Contact&nbsp;: <a href=\"mailto:anenormand@orange.fr\">anenormand@orange.fr<\/a><\/p>\n\n\n\n<p><strong>Directeur de Publication<\/strong><\/p>\n\n\n\n<p>Association Nationale de l\u2019\u00c2ne Normand<\/p>\n\n\n\n<p><strong>D\u00e9veloppement&nbsp;<\/strong><\/p>\n\n\n\n<p>Association nationale de l\u2019\u00c2ne Normand<\/p>\n\n\n\n<p><strong>H\u00e9bergement<\/strong><\/p>\n\n\n\n<p>Gandi SAS<\/p>\n\n\n\n<p>63-65 Boulevard Mass\u00e9na, 75013 Paris<\/p>\n\n\n\n<p>&nbsp;<strong>Liens hypertexte:<\/strong><\/p>\n\n\n\n<p>Le site de l\u2019Association nationale de l\u2019\u00c2ne Normand peut contenir des liens vers d\u2019autres sites.Toutefois, nous ne sommes pas responsables du contenu des autres sites ni de leurs pratiques en mati\u00e8re d\u2019informations personnelles.<\/p>\n\n\n\n<p><strong>Cookies :<\/strong><\/p>\n\n\n\n<p>Le site de l\u2019Association nationale de l\u2019\u00c2ne Normand contient un certain nombre de liens hypertextes vers d\u2019autres sites, mis en place avec l\u2019autorisation du responsable de publication. Cependant, ce dernier n\u2019a pas la possibilit\u00e9 de v\u00e9rifier le contenu des sites ainsi visit\u00e9s, et n\u2019assumera en cons\u00e9quence aucune responsabilit\u00e9 de ce fait.<\/p>\n\n\n\n<p>La navigation sur le site de l\u2019Association nationale de l\u2019\u00c2ne Normand est susceptible de provoquer l\u2019installation de cookie(s) sur l\u2019ordinateur de l\u2019utilisateur. Un cookie est un fichier de petite taille, qui ne permet pas l\u2019identification de l\u2019utilisateur, mais qui enregistre des informations relatives \u00e0 la navigation d\u2019un ordinateur sur un site. Les donn\u00e9es ainsi obtenues visent \u00e0 faciliter la navigation ult\u00e9rieure sur le site, et ont \u00e9galement vocation \u00e0 permettre diverses mesures de fr\u00e9quentation. Le refus d\u2019installation d\u2019un cookie peut entra\u00eener l\u2019impossibilit\u00e9 d\u2019acc\u00e9der \u00e0 certains services.<\/p>\n\n\n\n<p><strong>Droit d\u2019auteur et propri\u00e9t\u00e9 intellectuelle:<\/strong><\/p>\n\n\n\n<p>Ce site internet rel\u00e8ve de la l\u00e9gislation fran\u00e7aise et internationale sur le droit d\u2019auteur et la propri\u00e9t\u00e9 intellectuelle. Les textes, les photographies, les logos, les \u00e9l\u00e9ments graphiques, les s\u00e9quences anim\u00e9es sonores ou non, les marques, les noms etc\u2026 cit\u00e9s sur ce site sont la propri\u00e9t\u00e9 de leurs d\u00e9posants respectifs.<br>Toute utilisation ou reproduction, totale ou partielle, du site, des \u00e9l\u00e9ments qui le composent et des informations qui y figurent, par quelque proc\u00e9d\u00e9 que ce soit et sans autorisation de L\u2019association de l\u2019\u00c2ne Normand constituent une contrefa\u00e7on sanctionn\u00e9e par le Code de la propri\u00e9t\u00e9 intellectuelle.<\/p>\n\n\n\n<p><strong>Traitement des donn\u00e9es personnelles:<\/strong><\/p>\n\n\n\n<p>2. Utilisation des donn\u00e9es personnelles. Conform\u00e9ment aux dispositions de la Loi Informatique et Libert\u00e9s du 6 janvier 1978 (modifi\u00e9e par la loi du 6 ao\u00fbt 2004 relative \u00e0 la protection des personnes physiques \u00e0 l\u2019\u00e9gard des traitements de donn\u00e9es \u00e0 caract\u00e8re personnel), toute personne ayant d\u00e9pos\u00e9 sur ce site des informations directement ou indirectement nominatives dispose d\u2019un droit d\u2019acc\u00e8s, de modification, de rectification et de suppression des donn\u00e9es la concernant. Ces droits peuvent \u00eatre exerc\u00e9s en vous adressant \u00e0 L&rsquo;Association nationale de l\u2019\u00c2ne Normand<\/p>\n","protected":false},"excerpt":{"rendered":"<p>Identit\u00e9 &#8211; Coordonn\u00e9es Association Nationale de l\u2019\u00c2ne Normand Association loi 1901 Haras national du Pin 61310 LE PIN AU HARAS C\/O&nbsp;: Sylvie CHEYREZY ferme de la vall\u00e9e 50810 BERIGNY Contact&nbsp;: anenormand@orange.fr Directeur de Publication Association Nationale de l\u2019\u00c2ne Normand D\u00e9veloppement&nbsp; Association nationale de l\u2019\u00c2ne Normand H\u00e9bergement Gandi SAS 63-65 Boulevard Mass\u00e9na, 75013 Paris &nbsp;Liens hypertexte: &hellip; <\/p>\n<p class=\"link-more\"><a href=\"https:\/\/ane-normand.fr\/?page_id=98\" class=\"more-link\">Continuer la lecture<span class=\"screen-reader-text\"> de &laquo;&nbsp;mentions l\u00e9gales&nbsp;&raquo;<\/span><\/a><\/p>\n","protected":false},"author":1,"featured_media":0,"parent":0,"menu_order":0,"comment_status":"closed","ping_status":"closed","template":"","meta":{"footnotes":""},"class_list":["post-98","page","type-page","status-publish","hentry"],"_links":{"self":[{"href":"https:\/\/ane-normand.fr\/index.php?rest_route=\/wp\/v2\/pages\/98","targetHints":{"allow":["GET"]}}],"collection":[{"href":"https:\/\/ane-normand.fr\/index.php?rest_route=\/wp\/v2\/pages"}],"about":[{"href":"https:\/\/ane-normand.fr\/index.php?rest_route=\/wp\/v2\/types\/page"}],"author":[{"embeddable":true,"href":"https:\/\/ane-normand.fr\/index.php?rest_route=\/wp\/v2\/users\/1"}],"replies":[{"embeddable":true,"href":"https:\/\/ane-normand.fr\/index.php?rest_route=%2Fwp%2Fv2%2Fcomments&post=98"}],"version-history":[{"count":2,"href":"https:\/\/ane-normand.fr\/index.php?rest_route=\/wp\/v2\/pages\/98\/revisions"}],"predecessor-version":[{"id":104,"href":"https:\/\/ane-normand.fr\/index.php?rest_route=\/wp\/v2\/pages\/98\/revisions\/104"}],"wp:attachment":[{"href":"https:\/\/ane-normand.fr\/index.php?rest_route=%2Fwp%2Fv2%2Fmedia&parent=98"}],"curies":[{"name":"wp","href":"https:\/\/api.w.org\/{rel}","templated":true}]}}